{"id":1070,"date":"2021-03-09T19:08:14","date_gmt":"2021-03-09T18:08:14","guid":{"rendered":"https:\/\/www.toyota-guadeloupe.fr\/beta\/?page_id=1070"},"modified":"2021-03-11T11:44:40","modified_gmt":"2021-03-11T10:44:40","slug":"decouvrir-carmo","status":"publish","type":"page","link":"https:\/\/www.toyota-guadeloupe.fr\/beta\/decouvrir-carmo\/","title":{"rendered":"D\u00e9couvrir Carmo"},"content":{"rendered":"<p>[et_pb_section fb_built=\u00a0\u00bb1&Prime; fullwidth=\u00a0\u00bbon\u00a0\u00bb admin_label=\u00a0\u00bbHero Section\u00a0\u00bb _builder_version=\u00a0\u00bb3.19.9&Prime; background_image=\u00a0\u00bbhttps:\/\/www.toyota-guadeloupe.fr\/beta\/wp-content\/uploads\/2021\/03\/page-4&#215;4-header_tcm-18-574938_tcm-18-574938-3.jpg\u00a0\u00bb custom_padding=\u00a0\u00bb0|0px|0|0px|false|false\u00a0\u00bb][et_pb_fullwidth_header subhead=\u00a0\u00bbD\u00e9couvrir Carmo\u00a0\u00bb button_one_url=\u00a0\u00bb#footer\u00a0\u00bb button_two_url=\u00a0\u00bb#footer\u00a0\u00bb content_max_width=\u00a0\u00bb900px\u00a0\u00bb _builder_version=\u00a0\u00bb3.19.9&Prime; title_font=\u00a0\u00bbPoppins|600||on|||||\u00a0\u00bb title_font_size=\u00a0\u00bb18px\u00a0\u00bb title_letter_spacing=\u00a0\u00bb4px\u00a0\u00bb title_line_height=\u00a0\u00bb1.8em\u00a0\u00bb content_font=\u00a0\u00bbRaleway||||||||\u00a0\u00bb content_font_size=\u00a0\u00bb19px\u00a0\u00bb content_font_size_last_edited=\u00a0\u00bboff|desktop\u00a0\u00bb content_line_height=\u00a0\u00bb1.4em\u00a0\u00bb subhead_font=\u00a0\u00bbRaleway|700|||||||\u00a0\u00bb subhead_font_size=\u00a0\u00bb72px\u00a0\u00bb subhead_font_size_tablet=\u00a0\u00bb56px\u00a0\u00bb subhead_font_size_phone=\u00a0\u00bb36px\u00a0\u00bb subhead_font_size_last_edited=\u00a0\u00bbon|phone\u00a0\u00bb subhead_line_height=\u00a0\u00bb1.4em\u00a0\u00bb background_color=\u00a0\u00bbrgba(126,190,197,0)\u00a0\u00bb background_color_gradient_direction=\u00a0\u00bb90deg\u00a0\u00bb custom_button_two=\u00a0\u00bbon\u00a0\u00bb button_two_text_size=\u00a0\u00bb17px\u00a0\u00bb button_two_text_color=\u00a0\u00bb#ffffff\u00a0\u00bb button_two_bg_color=\u00a0\u00bb#ff0000&Prime; button_two_border_width=\u00a0\u00bb14px\u00a0\u00bb button_two_border_color=\u00a0\u00bb#ff0000&Prime; button_two_letter_spacing=\u00a0\u00bb2px\u00a0\u00bb button_two_font=\u00a0\u00bbPoppins|600||on|||||\u00a0\u00bb button_two_icon=\u00a0\u00bb%%3%%\u00a0\u00bb custom_button_one=\u00a0\u00bbon\u00a0\u00bb button_one_text_size=\u00a0\u00bb14px\u00a0\u00bb button_one_bg_color=\u00a0\u00bb#e02b20&Prime; button_one_border_width=\u00a0\u00bb12px\u00a0\u00bb button_one_border_color=\u00a0\u00bb#e02b20&Prime; button_one_letter_spacing=\u00a0\u00bb2px\u00a0\u00bb button_one_font=\u00a0\u00bbPoppins|600||on|||||\u00a0\u00bb button_one_icon=\u00a0\u00bb%%3%%\u00a0\u00bb custom_padding=\u00a0\u00bb7vw||32vw|\u00a0\u00bb button_one_letter_spacing_hover=\u00a0\u00bb2px\u00a0\u00bb button_two_letter_spacing_hover=\u00a0\u00bb2px\u00a0\u00bb button_one_text_size__hover_enabled=\u00a0\u00bboff\u00a0\u00bb button_two_text_size__hover_enabled=\u00a0\u00bboff\u00a0\u00bb button_one_text_color__hover_enabled=\u00a0\u00bboff\u00a0\u00bb button_two_text_color__hover_enabled=\u00a0\u00bboff\u00a0\u00bb button_one_border_width__hover_enabled=\u00a0\u00bboff\u00a0\u00bb button_two_border_width__hover_enabled=\u00a0\u00bboff\u00a0\u00bb button_one_border_color__hover_enabled=\u00a0\u00bboff\u00a0\u00bb button_two_border_color__hover_enabled=\u00a0\u00bboff\u00a0\u00bb button_one_border_radius__hover_enabled=\u00a0\u00bboff\u00a0\u00bb button_two_border_radius__hover_enabled=\u00a0\u00bboff\u00a0\u00bb button_one_letter_spacing__hover_enabled=\u00a0\u00bbon\u00a0\u00bb button_one_letter_spacing__hover=\u00a0\u00bb2px\u00a0\u00bb button_two_letter_spacing__hover_enabled=\u00a0\u00bbon\u00a0\u00bb button_two_letter_spacing__hover=\u00a0\u00bb2px\u00a0\u00bb button_one_bg_color__hover_enabled=\u00a0\u00bboff\u00a0\u00bb button_two_bg_color__hover_enabled=\u00a0\u00bboff\u00a0\u00bb]<\/p>\n<p>Rejoindre Carmo, ce n\u2019est pas seulement int\u00e9grer une soci\u00e9t\u00e9 \u00e0 taille humaine. C\u2019est aussi partager l\u2019une des plus belles aventures o\u00f9 chacun contribue \u00e0 la performance de notre soci\u00e9t\u00e9\u00a0!<\/p>\n<p>C\u2019est \u00e9prouver un sentiment d\u2019appartenance \u00e0 une histoire, \u00e0 un pr\u00e9sent mais surtout \u00e0 un futur, par notre volont\u00e9 permanente d\u2019innover.<\/p>\n<p>[\/et_pb_fullwidth_header][\/et_pb_section][et_pb_section fb_built=\u00a0\u00bb1&Prime; admin_label=\u00a0\u00bbWelcome Section\u00a0\u00bb _builder_version=\u00a0\u00bb3.3.1&Prime; custom_padding=\u00a0\u00bb0||0||false|false\u00a0\u00bb][et_pb_row custom_padding=\u00a0\u00bb80px|0px|6px|0px|false|false\u00a0\u00bb custom_margin=\u00a0\u00bb-300px||\u00a0\u00bb _builder_version=\u00a0\u00bb3.19.9&Prime;][et_pb_column type=\u00a0\u00bb4_4&Prime; _builder_version=\u00a0\u00bb3.0.47&Prime; parallax=\u00a0\u00bboff\u00a0\u00bb parallax_method=\u00a0\u00bbon\u00a0\u00bb][et_pb_text _builder_version=\u00a0\u00bb3.19.9&Prime; text_font=\u00a0\u00bbRaleway||||||||\u00a0\u00bb header_font=\u00a0\u00bbRaleway||||||||\u00a0\u00bb]<\/p>\n<h1>Partagez nos valeurs et nos engagements<\/h1>\n<ul>\n<li>Satisfaction de notre client\u00e8le<\/li>\n<li>Enthousiasme, dynamisme et Esprit d\u2019\u00e9quipe<\/li>\n<li>D\u00e9veloppement des comp\u00e9tences de nos collaborateurs et go\u00fbt de la performance<\/li>\n<li>Diversit\u00e9 de nos activit\u00e9s et du savoir-faire de nos \u00e9quipes\n<ul>\n<li>Commercialisation de v\u00e9hicules multimarques et multifonctions (V\u00e9hicules de tourisme, engins de chantiers et travaux publiques, poids lourds, Bus, v\u00e9hicules utilitaires\u2026)<\/li>\n<li>Ventes de pi\u00e8ces de rechanges<\/li>\n<li>R\u00e9paration de v\u00e9hicules<\/li>\n<li>Location de v\u00e9hicules en courte ou longue dur\u00e9e<\/li>\n<\/ul>\n<\/li>\n<\/ul>\n<p>[\/et_pb_text][\/et_pb_column][\/et_pb_row][et_pb_row _builder_version=\u00a0\u00bb3.19.9&Prime;][et_pb_column type=\u00a0\u00bb1_2&Prime; _builder_version=\u00a0\u00bb3.19.9&Prime; parallax=\u00a0\u00bboff\u00a0\u00bb parallax_method=\u00a0\u00bbon\u00a0\u00bb][et_pb_image src=\u00a0\u00bbhttps:\/\/www.toyota-guadeloupe.fr\/beta\/wp-content\/uploads\/2021\/03\/Carmo.jpg\u00a0\u00bb _builder_version=\u00a0\u00bb3.19.9&Prime;][\/et_pb_image][et_pb_text _builder_version=\u00a0\u00bb3.19.9&Prime; text_font=\u00a0\u00bbRaleway||||||||\u00a0\u00bb header_font=\u00a0\u00bbRaleway||||||||\u00a0\u00bb]<\/p>\n<h1>Carmo en quelques dates :<\/h1>\n<ul>\n<li>En 1975 le Garage VIVIES importe les 1ers v\u00e9hicules TOYOTA en Guadeloupe<\/li>\n<li>En 1988, le groupe VIVIES cr\u00e9e la concession CARMO, qui distribue en exclusivit\u00e9 les mod\u00e8les du constructeur TOYOTA \u00e0 Jarry et Baillif.<\/li>\n<li>En 1997, Toyota est le premier constructeur mondial de voitures et l\u2019inventeur de la technologie Hybride avec la Prius<\/li>\n<li>En 2000, CARMO devient une entit\u00e9 du Groupe Bernard Hayot<\/li>\n<li>En 2010, CARMO devient le distributeur de la marque IVECO en Guadeloupe<\/li>\n<li>En 2012, CARMO int\u00e8gre les marques CATERPILLAR, MECALAC et cr\u00e9e une entit\u00e9 d\u00e9di\u00e9e aux professionnels: CARMO PRO<\/li>\n<li>En 2013, CARMO PRO int\u00e8gre les marques IVECO BUS et SCANIA<\/li>\n<li>En 2019, CARMO PRO devient le repr\u00e9sentant de la franchise FRAIKIN<\/li>\n<\/ul>\n<p>[\/et_pb_text][\/et_pb_column][et_pb_column type=\u00a0\u00bb1_2&Prime; _builder_version=\u00a0\u00bb3.19.9&Prime; parallax=\u00a0\u00bboff\u00a0\u00bb parallax_method=\u00a0\u00bbon\u00a0\u00bb][et_pb_image src=\u00a0\u00bbhttps:\/\/www.toyota-guadeloupe.fr\/beta\/wp-content\/uploads\/2021\/03\/carmo2.jpg\u00a0\u00bb _builder_version=\u00a0\u00bb3.19.9&Prime;][\/et_pb_image][et_pb_text _builder_version=\u00a0\u00bb3.19.9&Prime; text_font=\u00a0\u00bbRaleway||||||||\u00a0\u00bb header_font=\u00a0\u00bbRaleway||||||||\u00a0\u00bb]<\/p>\n<h1>Carmo en quelques chiffres :<\/h1>\n<ul>\n<li>75 salari\u00e9s tous services confondus<\/li>\n<li>1 300 v\u00e9hicules neufs, toutes marques, vendus par an<\/li>\n<li>600 v\u00e9hicules d\u2019occasion vendus par an<\/li>\n<li>TOYOTA\u00a0: plus de 40 ans d\u2019expertise sur le march\u00e9 Guadeloup\u00e9en. A ce jour, la marque a \u00e9coul\u00e9 plus de 16 millions de v\u00e9hicules hybrides dans le monde.<\/li>\n<\/ul>\n<p>[\/et_pb_text][\/et_pb_column][\/et_pb_row][\/et_pb_section][et_pb_section fb_built=\u00a0\u00bb1&Prime; admin_label=\u00a0\u00bbFooter\u00a0\u00bb module_id=\u00a0\u00bbfooter\u00a0\u00bb _builder_version=\u00a0\u00bb3.19.9&Prime; custom_padding=\u00a0\u00bb0||0||true|false\u00a0\u00bb saved_tabs=\u00a0\u00bball\u00a0\u00bb][\/et_pb_section]<\/p>\n","protected":false},"excerpt":{"rendered":"<p>[et_pb_section fb_built=\u00a0\u00bb1&Prime; fullwidth=\u00a0\u00bbon\u00a0\u00bb admin_label=\u00a0\u00bbHero Section\u00a0\u00bb _builder_version=\u00a0\u00bb3.19.9&Prime; background_image=\u00a0\u00bbhttps:\/\/www.toyota-guadeloupe.fr\/beta\/wp-content\/uploads\/2021\/03\/page-4&#215;4-header_tcm-18-574938_tcm-18-574938-3.jpg\u00a0\u00bb custom_padding=\u00a0\u00bb0|0px|0|0px|false|false\u00a0\u00bb][et_pb_fullwidth_header subhead=\u00a0\u00bbD\u00e9couvrir Carmo\u00a0\u00bb button_one_url=\u00a0\u00bb#footer\u00a0\u00bb button_two_url=\u00a0\u00bb#footer\u00a0\u00bb content_max_width=\u00a0\u00bb900px\u00a0\u00bb _builder_version=\u00a0\u00bb3.19.9&Prime; title_font=\u00a0\u00bbPoppins|600||on|||||\u00a0\u00bb title_font_size=\u00a0\u00bb18px\u00a0\u00bb title_letter_spacing=\u00a0\u00bb4px\u00a0\u00bb title_line_height=\u00a0\u00bb1.8em\u00a0\u00bb content_font=\u00a0\u00bbRaleway||||||||\u00a0\u00bb content_font_size=\u00a0\u00bb19px\u00a0\u00bb content_font_size_last_edited=\u00a0\u00bboff|desktop\u00a0\u00bb content_line_height=\u00a0\u00bb1.4em\u00a0\u00bb subhead_font=\u00a0\u00bbRaleway|700|||||||\u00a0\u00bb subhead_font_size=\u00a0\u00bb72px\u00a0\u00bb subhead_font_size_tablet=\u00a0\u00bb56px\u00a0\u00bb subhead_font_size_phone=\u00a0\u00bb36px\u00a0\u00bb subhead_font_size_last_edited=\u00a0\u00bbon|phone\u00a0\u00bb subhead_line_height=\u00a0\u00bb1.4em\u00a0\u00bb background_color=\u00a0\u00bbrgba(126,190,197,0)\u00a0\u00bb background_color_gradient_direction=\u00a0\u00bb90deg\u00a0\u00bb custom_button_two=\u00a0\u00bbon\u00a0\u00bb button_two_text_size=\u00a0\u00bb17px\u00a0\u00bb button_two_text_color=\u00a0\u00bb#ffffff\u00a0\u00bb button_two_bg_color=\u00a0\u00bb#ff0000&Prime; button_two_border_width=\u00a0\u00bb14px\u00a0\u00bb button_two_border_color=\u00a0\u00bb#ff0000&Prime; button_two_letter_spacing=\u00a0\u00bb2px\u00a0\u00bb button_two_font=\u00a0\u00bbPoppins|600||on|||||\u00a0\u00bb button_two_icon=\u00a0\u00bb%%3%%\u00a0\u00bb custom_button_one=\u00a0\u00bbon\u00a0\u00bb button_one_text_size=\u00a0\u00bb14px\u00a0\u00bb button_one_bg_color=\u00a0\u00bb#e02b20&Prime; button_one_border_width=\u00a0\u00bb12px\u00a0\u00bb button_one_border_color=\u00a0\u00bb#e02b20&Prime; button_one_letter_spacing=\u00a0\u00bb2px\u00a0\u00bb button_one_font=\u00a0\u00bbPoppins|600||on|||||\u00a0\u00bb button_one_icon=\u00a0\u00bb%%3%%\u00a0\u00bb custom_padding=\u00a0\u00bb7vw||32vw|\u00a0\u00bb button_one_letter_spacing_hover=\u00a0\u00bb2px\u00a0\u00bb button_two_letter_spacing_hover=\u00a0\u00bb2px\u00a0\u00bb button_one_text_size__hover_enabled=\u00a0\u00bboff\u00a0\u00bb button_two_text_size__hover_enabled=\u00a0\u00bboff\u00a0\u00bb button_one_text_color__hover_enabled=\u00a0\u00bboff\u00a0\u00bb button_two_text_color__hover_enabled=\u00a0\u00bboff\u00a0\u00bb button_one_border_width__hover_enabled=\u00a0\u00bboff\u00a0\u00bb [&hellip;]<\/p>\n","protected":false},"author":1,"featured_media":0,"parent":0,"menu_order":0,"comment_status":"closed","ping_status":"closed","template":"","meta":{"_et_pb_use_builder":"on","_et_pb_old_content":"","_et_gb_content_width":""},"_links":{"self":[{"href":"https:\/\/www.toyota-guadeloupe.fr\/beta\/wp-json\/wp\/v2\/pages\/1070"}],"collection":[{"href":"https:\/\/www.toyota-guadeloupe.fr\/beta\/wp-json\/wp\/v2\/pages"}],"about":[{"href":"https:\/\/www.toyota-guadeloupe.fr\/beta\/wp-json\/wp\/v2\/types\/page"}],"author":[{"embeddable":true,"href":"https:\/\/www.toyota-guadeloupe.fr\/beta\/wp-json\/wp\/v2\/users\/1"}],"replies":[{"embeddable":true,"href":"https:\/\/www.toyota-guadeloupe.fr\/beta\/wp-json\/wp\/v2\/comments?post=1070"}],"version-history":[{"count":11,"href":"https:\/\/www.toyota-guadeloupe.fr\/beta\/wp-json\/wp\/v2\/pages\/1070\/revisions"}],"predecessor-version":[{"id":1111,"href":"https:\/\/www.toyota-guadeloupe.fr\/beta\/wp-json\/wp\/v2\/pages\/1070\/revisions\/1111"}],"wp:attachment":[{"href":"https:\/\/www.toyota-guadeloupe.fr\/beta\/wp-json\/wp\/v2\/media?parent=1070"}],"curies":[{"name":"wp","href":"https:\/\/api.w.org\/{rel}","templated":true}]}}